{"id":554,"date":"2026-01-14T22:54:27","date_gmt":"2026-01-14T22:54:27","guid":{"rendered":"https:\/\/iterla.com\/?page_id=554"},"modified":"2026-01-14T22:59:43","modified_gmt":"2026-01-14T22:59:43","slug":"team","status":"publish","type":"page","link":"https:\/\/iterla.com\/es\/team\/","title":{"rendered":"Executive team"},"content":{"rendered":"<div data-elementor-type=\"wp-page\" data-elementor-id=\"554\" class=\"elementor elementor-554\">\n\t\t\t\t<div class=\"elementor-element elementor-element-8b167de e-con-full e-flex e-con e-parent\" data-id=\"8b167de\" data-element_type=\"container\" data-e-type=\"container\" id=\"page_header\" data-settings=\"{&quot;background_background&quot;:&quot;classic&quot;}\">\n\t\t\t\t<div class=\"elementor-element elementor-element-d585bdd elementor-widget elementor-widget-html\" data-id=\"d585bdd\" data-element_type=\"widget\" data-e-type=\"widget\" data-widget_type=\"html.default\">\n\t\t\t\t<div class=\"elementor-widget-container\">\n\t\t\t\t\t<div style=\"--pos:0;\" id=\"submenu\">\n    <a href=\"https:\/\/iterla.com\/es\/group\/\">Directores<\/a>\n    <a href=\"https:\/\/iterla.com\/es\/advisors\/\">Asesores<\/a>\n    <a href=\"https:\/\/iterla.com\/es\/team\/\">Equipo Directivo<\/a>\n<\/div>\t\t\t\t<\/div>\n\t\t\t\t<\/div>\n\t\t\t\t<div class=\"elementor-element elementor-element-435115e elementor-widget elementor-widget-heading\" data-id=\"435115e\" data-element_type=\"widget\" data-e-type=\"widget\" data-widget_type=\"heading.default\">\n\t\t\t\t<div class=\"elementor-widget-container\">\n\t\t\t\t\t<h1 class=\"elementor-heading-title elementor-size-default\"><b>Grupo<\/b><\/h1>\t\t\t\t<\/div>\n\t\t\t\t<\/div>\n\t\t\t\t<\/div>\n\t\t<div class=\"elementor-element elementor-element-ed87e44 e-con-full team_container e-flex e-con e-parent\" data-id=\"ed87e44\" data-element_type=\"container\" data-e-type=\"container\" id=\"team\" data-settings=\"{&quot;background_background&quot;:&quot;classic&quot;}\">\n\t\t<div class=\"elementor-element elementor-element-ffb0be4 e-con-full e-flex e-con e-child\" data-id=\"ffb0be4\" data-element_type=\"container\" data-e-type=\"container\">\n\t\t\t\t<div class=\"elementor-element elementor-element-ed7e9dc elementor-widget__width-initial elementor-widget elementor-widget-heading\" data-id=\"ed7e9dc\" data-element_type=\"widget\" data-e-type=\"widget\" data-widget_type=\"heading.default\">\n\t\t\t\t<div class=\"elementor-widget-container\">\n\t\t\t\t\t<h2 class=\"elementor-heading-title elementor-size-default\">Equipo Directivo<\/h2>\t\t\t\t<\/div>\n\t\t\t\t<\/div>\n\t\t\t\t<div class=\"elementor-element elementor-element-112cc79 elementor-widget__width-initial elementor-widget elementor-widget-text-editor\" data-id=\"112cc79\" data-element_type=\"widget\" data-e-type=\"widget\" data-widget_type=\"text-editor.default\">\n\t\t\t\t<div class=\"elementor-widget-container\">\n\t\t\t\t\t\t\t\t\t<p>El Consejo de Administraci\u00f3n es el m\u00e1ximo responsable de la estrategia y la gesti\u00f3n de la empresa, as\u00ed como de la supervisi\u00f3n de la direcci\u00f3n ejecutiva.<\/p>\t\t\t\t\t\t\t\t<\/div>\n\t\t\t\t<\/div>\n\t\t\t\t<\/div>\n\t\t<div class=\"elementor-element elementor-element-41b7979 e-grid e-con-full e-con e-child\" data-id=\"41b7979\" data-element_type=\"container\" data-e-type=\"container\">\n\t\t\t\t<div class=\"elementor-element elementor-element-6121189 elementor-position-top elementor-widget elementor-widget-image-box\" data-id=\"6121189\" data-element_type=\"widget\" data-e-type=\"widget\" data-widget_type=\"image-box.default\">\n\t\t\t\t<div class=\"elementor-widget-container\">\n\t\t\t\t\t<div class=\"elementor-image-box-wrapper\"><figure class=\"elementor-image-box-img\"><img fetchpriority=\"high\" decoding=\"async\" width=\"360\" height=\"480\" src=\"https:\/\/iterla.com\/wp-content\/uploads\/2026\/01\/illoris.jpg\" class=\"attachment-full size-full wp-image-480\" alt=\"\" srcset=\"https:\/\/iterla.com\/wp-content\/uploads\/2026\/01\/illoris.jpg 360w, https:\/\/iterla.com\/wp-content\/uploads\/2026\/01\/illoris-225x300.jpg 225w, https:\/\/iterla.com\/wp-content\/uploads\/2026\/01\/illoris-9x12.jpg 9w\" sizes=\"(max-width: 360px) 100vw, 360px\" \/><\/figure><div class=\"elementor-image-box-content\"><h3 class=\"elementor-image-box-title\">Ihorliss Garcia<\/h3><p class=\"elementor-image-box-description\"><span>Director general<\/span>\n<p>\nIhorliss dirige todos los aspectos relacionados con las finanzas y las operaciones, tras haber desempe\u00f1ado con \u00e9xito esta funci\u00f3n en un grupo financiero anterior durante los \u00faltimos 25 a\u00f1os.\n<\/p><\/p><\/div><\/div>\t\t\t\t<\/div>\n\t\t\t\t<\/div>\n\t\t\t\t<div class=\"elementor-element elementor-element-e9819d0 elementor-position-top elementor-widget elementor-widget-image-box\" data-id=\"e9819d0\" data-element_type=\"widget\" data-e-type=\"widget\" data-widget_type=\"image-box.default\">\n\t\t\t\t<div class=\"elementor-widget-container\">\n\t\t\t\t\t<div class=\"elementor-image-box-wrapper\"><figure class=\"elementor-image-box-img\"><img decoding=\"async\" width=\"360\" height=\"480\" src=\"https:\/\/iterla.com\/wp-content\/uploads\/2026\/01\/daniel.jpg\" class=\"attachment-full size-full wp-image-485\" alt=\"\" srcset=\"https:\/\/iterla.com\/wp-content\/uploads\/2026\/01\/daniel.jpg 360w, https:\/\/iterla.com\/wp-content\/uploads\/2026\/01\/daniel-225x300.jpg 225w, https:\/\/iterla.com\/wp-content\/uploads\/2026\/01\/daniel-9x12.jpg 9w\" sizes=\"(max-width: 360px) 100vw, 360px\" \/><\/figure><div class=\"elementor-image-box-content\"><h3 class=\"elementor-image-box-title\">Daniel Zalles<\/h3><p class=\"elementor-image-box-description\"><span>Director de Ejecuci\u00f3n de Negocios<\/span>\n<p>\nDaniel dirige la ejecuci\u00f3n de la estrategia operativa en las \u00e1reas de banca de inversi\u00f3n, gesti\u00f3n de activos y corretaje. Como director de operaciones, supervisa las relaciones con los depositarios, los corredores y las contrapartes. Gestiona la incorporaci\u00f3n de cualquier tipo de cliente o negocio.\n\n<\/p><\/p><\/div><\/div>\t\t\t\t<\/div>\n\t\t\t\t<\/div>\n\t\t\t\t<div class=\"elementor-element elementor-element-eed9983 elementor-position-top elementor-widget elementor-widget-image-box\" data-id=\"eed9983\" data-element_type=\"widget\" data-e-type=\"widget\" data-widget_type=\"image-box.default\">\n\t\t\t\t<div class=\"elementor-widget-container\">\n\t\t\t\t\t<div class=\"elementor-image-box-wrapper\"><figure class=\"elementor-image-box-img\"><img decoding=\"async\" width=\"360\" height=\"480\" src=\"https:\/\/iterla.com\/wp-content\/uploads\/2026\/01\/anabeatriz.jpg\" class=\"attachment-full size-full wp-image-490\" alt=\"\" srcset=\"https:\/\/iterla.com\/wp-content\/uploads\/2026\/01\/anabeatriz.jpg 360w, https:\/\/iterla.com\/wp-content\/uploads\/2026\/01\/anabeatriz-225x300.jpg 225w, https:\/\/iterla.com\/wp-content\/uploads\/2026\/01\/anabeatriz-9x12.jpg 9w\" sizes=\"(max-width: 360px) 100vw, 360px\" \/><\/figure><div class=\"elementor-image-box-content\"><h3 class=\"elementor-image-box-title\">Ana Beatriz Arias<\/h3><p class=\"elementor-image-box-description\"><span>Directora de Gesti\u00f3n de Activos<\/span>\n<p>\nAna Beatriz est\u00e1 a cargo de la divisi\u00f3n de Gesti\u00f3n de Activos de Iterla, donde se encarga de su administraci\u00f3n diaria.\n<\/p><\/p><\/div><\/div>\t\t\t\t<\/div>\n\t\t\t\t<\/div>\n\t\t\t\t<div class=\"elementor-element elementor-element-7b101d0 elementor-position-top elementor-widget elementor-widget-image-box\" data-id=\"7b101d0\" data-element_type=\"widget\" data-e-type=\"widget\" data-widget_type=\"image-box.default\">\n\t\t\t\t<div class=\"elementor-widget-container\">\n\t\t\t\t\t<div class=\"elementor-image-box-wrapper\"><figure class=\"elementor-image-box-img\"><img loading=\"lazy\" decoding=\"async\" width=\"360\" height=\"480\" src=\"https:\/\/iterla.com\/wp-content\/uploads\/2026\/01\/juanfrancisco.jpg\" class=\"attachment-full size-full wp-image-486\" alt=\"\" srcset=\"https:\/\/iterla.com\/wp-content\/uploads\/2026\/01\/juanfrancisco.jpg 360w, https:\/\/iterla.com\/wp-content\/uploads\/2026\/01\/juanfrancisco-225x300.jpg 225w, https:\/\/iterla.com\/wp-content\/uploads\/2026\/01\/juanfrancisco-9x12.jpg 9w\" sizes=\"(max-width: 360px) 100vw, 360px\" \/><\/figure><div class=\"elementor-image-box-content\"><h3 class=\"elementor-image-box-title\">Juan Francisco Torm<\/h3><p class=\"elementor-image-box-description\"><span>Jefe de Cumplimiento Normativo<\/span>\n<p>\nComo abogado, Juan Francisco pone sus 20 a\u00f1os de experiencia en el sector al servicio del \u00e9xito empresarial de Iterla.\n<\/p><\/p><\/div><\/div>\t\t\t\t<\/div>\n\t\t\t\t<\/div>\n\t\t\t\t<div class=\"elementor-element elementor-element-f10c425 elementor-position-top elementor-widget elementor-widget-image-box\" data-id=\"f10c425\" data-element_type=\"widget\" data-e-type=\"widget\" data-widget_type=\"image-box.default\">\n\t\t\t\t<div class=\"elementor-widget-container\">\n\t\t\t\t\t<div class=\"elementor-image-box-wrapper\"><figure class=\"elementor-image-box-img\"><img loading=\"lazy\" decoding=\"async\" width=\"360\" height=\"480\" src=\"https:\/\/iterla.com\/wp-content\/uploads\/2026\/01\/nilka.jpg\" class=\"attachment-full size-full wp-image-488\" alt=\"\" srcset=\"https:\/\/iterla.com\/wp-content\/uploads\/2026\/01\/nilka.jpg 360w, https:\/\/iterla.com\/wp-content\/uploads\/2026\/01\/nilka-225x300.jpg 225w, https:\/\/iterla.com\/wp-content\/uploads\/2026\/01\/nilka-9x12.jpg 9w\" sizes=\"(max-width: 360px) 100vw, 360px\" \/><\/figure><div class=\"elementor-image-box-content\"><h3 class=\"elementor-image-box-title\">Nilka Santos<\/h3><p class=\"elementor-image-box-description\"><span>Gerente de Contabilidad y Administraci\u00f3n<\/span>\n<p>\nComo contadora p\u00fablica certificada, Nilka dirige un departamento de Contabilidad y Administraci\u00f3n que opera de manera eficiente y rentable.\n<\/p><\/p><\/div><\/div>\t\t\t\t<\/div>\n\t\t\t\t<\/div>\n\t\t\t\t<div class=\"elementor-element elementor-element-2654e24 elementor-position-top elementor-widget elementor-widget-image-box\" data-id=\"2654e24\" data-element_type=\"widget\" data-e-type=\"widget\" data-widget_type=\"image-box.default\">\n\t\t\t\t<div class=\"elementor-widget-container\">\n\t\t\t\t\t<div class=\"elementor-image-box-wrapper\"><figure class=\"elementor-image-box-img\"><img loading=\"lazy\" decoding=\"async\" width=\"360\" height=\"480\" src=\"https:\/\/iterla.com\/wp-content\/uploads\/2026\/01\/leticia.jpg\" class=\"attachment-full size-full wp-image-487\" alt=\"\" srcset=\"https:\/\/iterla.com\/wp-content\/uploads\/2026\/01\/leticia.jpg 360w, https:\/\/iterla.com\/wp-content\/uploads\/2026\/01\/leticia-225x300.jpg 225w, https:\/\/iterla.com\/wp-content\/uploads\/2026\/01\/leticia-9x12.jpg 9w\" sizes=\"(max-width: 360px) 100vw, 360px\" \/><\/figure><div class=\"elementor-image-box-content\"><h3 class=\"elementor-image-box-title\">Leticia Aizpurua<\/h3><p class=\"elementor-image-box-description\"><span>Gerente -Oficina Intermedia-<\/span>\n<p>\nLeticia, agente de valores titulada que trabaj\u00f3 durante 17 a\u00f1os en Merrill Lynch, se encarga de gestionar todas las relaciones con los clientes.\n<\/p><\/p><\/div><\/div>\t\t\t\t<\/div>\n\t\t\t\t<\/div>\n\t\t\t\t<div class=\"elementor-element elementor-element-6b2eba2 elementor-position-top elementor-widget elementor-widget-image-box\" data-id=\"6b2eba2\" data-element_type=\"widget\" data-e-type=\"widget\" data-widget_type=\"image-box.default\">\n\t\t\t\t<div class=\"elementor-widget-container\">\n\t\t\t\t\t<div class=\"elementor-image-box-wrapper\"><figure class=\"elementor-image-box-img\"><img loading=\"lazy\" decoding=\"async\" width=\"360\" height=\"480\" src=\"https:\/\/iterla.com\/wp-content\/uploads\/2026\/01\/yodalis.jpg\" class=\"attachment-full size-full wp-image-489\" alt=\"\" srcset=\"https:\/\/iterla.com\/wp-content\/uploads\/2026\/01\/yodalis.jpg 360w, https:\/\/iterla.com\/wp-content\/uploads\/2026\/01\/yodalis-225x300.jpg 225w, https:\/\/iterla.com\/wp-content\/uploads\/2026\/01\/yodalis-9x12.jpg 9w\" sizes=\"(max-width: 360px) 100vw, 360px\" \/><\/figure><div class=\"elementor-image-box-content\"><h3 class=\"elementor-image-box-title\">Yodalys de la Cruz<\/h3><p class=\"elementor-image-box-description\"><span>Gerente -Back Office-<\/span>\n<p>\nComo agente de valores autorizada, Yodalys coordina todas las operaciones de liquidaci\u00f3n del back office.\n<\/p><\/p><\/div><\/div>\t\t\t\t<\/div>\n\t\t\t\t<\/div>\n\t\t\t\t<\/div>\n\t\t\t\t<\/div>\n\t\t<div class=\"elementor-element elementor-element-4e71062 e-con-full e-flex e-con e-parent\" data-id=\"4e71062\" data-element_type=\"container\" data-e-type=\"container\" data-settings=\"{&quot;background_background&quot;:&quot;classic&quot;}\">\n\t\t\t\t<div class=\"elementor-element elementor-element-f17f4e4 elementor-widget elementor-widget-html\" data-id=\"f17f4e4\" data-element_type=\"widget\" data-e-type=\"widget\" data-widget_type=\"html.default\">\n\t\t\t\t<div class=\"elementor-widget-container\">\n\t\t\t\t\t<div style=\"justify-content:center;\" id=\"page_header_links\">\n    <a href=\"\/es\/.\/contact\/\" class=\"outline clear\" style=\"border-width:2px\">Cont\u00e1ctenos <i class=\"fa fa-caret-right\"><\/i><\/a>\n<\/div>\t\t\t\t<\/div>\n\t\t\t\t<\/div>\n\t\t\t\t<\/div>\n\t\t\t\t<\/div>","protected":false},"excerpt":{"rendered":"<p>Directors Advisors Executive Team Group Executive Team The Board has the ultimate responsibility for the strategy and the management of the Company and for the supervision of the Executive Management. Ihorliss Garcia CEO Ihorliss leads all aspects of Finance and Operations, having done succesfully so for a previous financial group for the last 25 years. [&hellip;]<\/p>\n","protected":false},"author":1,"featured_media":0,"parent":0,"menu_order":0,"comment_status":"closed","ping_status":"closed","template":"","meta":{"footnotes":""},"class_list":["post-554","page","type-page","status-publish","hentry"],"_links":{"self":[{"href":"https:\/\/iterla.com\/es\/wp-json\/wp\/v2\/pages\/554","targetHints":{"allow":["GET"]}}],"collection":[{"href":"https:\/\/iterla.com\/es\/wp-json\/wp\/v2\/pages"}],"about":[{"href":"https:\/\/iterla.com\/es\/wp-json\/wp\/v2\/types\/page"}],"author":[{"embeddable":true,"href":"https:\/\/iterla.com\/es\/wp-json\/wp\/v2\/users\/1"}],"replies":[{"embeddable":true,"href":"https:\/\/iterla.com\/es\/wp-json\/wp\/v2\/comments?post=554"}],"version-history":[{"count":0,"href":"https:\/\/iterla.com\/es\/wp-json\/wp\/v2\/pages\/554\/revisions"}],"wp:attachment":[{"href":"https:\/\/iterla.com\/es\/wp-json\/wp\/v2\/media?parent=554"}],"curies":[{"name":"wp","href":"https:\/\/api.w.org\/{rel}","templated":true}]}}