{"id":549,"date":"2026-01-14T22:51:41","date_gmt":"2026-01-14T22:51:41","guid":{"rendered":"https:\/\/iterla.com\/?page_id=549"},"modified":"2026-01-14T22:59:35","modified_gmt":"2026-01-14T22:59:35","slug":"advisors","status":"publish","type":"page","link":"https:\/\/iterla.com\/es\/advisors\/","title":{"rendered":"Asesores"},"content":{"rendered":"<div data-elementor-type=\"wp-page\" data-elementor-id=\"549\" class=\"elementor elementor-549\">\n\t\t\t\t<div class=\"elementor-element elementor-element-8b167de e-con-full e-flex e-con e-parent\" data-id=\"8b167de\" data-element_type=\"container\" data-e-type=\"container\" id=\"page_header\" data-settings=\"{&quot;background_background&quot;:&quot;classic&quot;}\">\n\t\t\t\t<div class=\"elementor-element elementor-element-d585bdd elementor-widget elementor-widget-html\" data-id=\"d585bdd\" data-element_type=\"widget\" data-e-type=\"widget\" data-widget_type=\"html.default\">\n\t\t\t\t<div class=\"elementor-widget-container\">\n\t\t\t\t\t<div style=\"--pos:0;\" id=\"submenu\">\n    <a href=\"https:\/\/iterla.com\/es\/group\/\">Directores<\/a>\n    <a href=\"https:\/\/iterla.com\/es\/advisors\/\">Asesores<\/a>\n    <a href=\"https:\/\/iterla.com\/es\/team\/\">Equipo Directivo<\/a>\n<\/div>\t\t\t\t<\/div>\n\t\t\t\t<\/div>\n\t\t\t\t<div class=\"elementor-element elementor-element-435115e elementor-widget elementor-widget-heading\" data-id=\"435115e\" data-element_type=\"widget\" data-e-type=\"widget\" data-widget_type=\"heading.default\">\n\t\t\t\t<div class=\"elementor-widget-container\">\n\t\t\t\t\t<h1 class=\"elementor-heading-title elementor-size-default\"><b>Grupo<\/b><\/h1>\t\t\t\t<\/div>\n\t\t\t\t<\/div>\n\t\t\t\t<\/div>\n\t\t<div class=\"elementor-element elementor-element-1ea864d e-con-full team_container e-flex e-con e-parent\" data-id=\"1ea864d\" data-element_type=\"container\" data-e-type=\"container\" id=\"advisors\" data-settings=\"{&quot;background_background&quot;:&quot;classic&quot;}\">\n\t\t<div class=\"elementor-element elementor-element-1a15221 e-con-full e-flex e-con e-child\" data-id=\"1a15221\" data-element_type=\"container\" data-e-type=\"container\">\n\t\t\t\t<div class=\"elementor-element elementor-element-d8085a2 elementor-widget__width-initial elementor-widget elementor-widget-heading\" data-id=\"d8085a2\" data-element_type=\"widget\" data-e-type=\"widget\" data-widget_type=\"heading.default\">\n\t\t\t\t<div class=\"elementor-widget-container\">\n\t\t\t\t\t<h2 class=\"elementor-heading-title elementor-size-default\">Consejo Asesor<\/h2>\t\t\t\t<\/div>\n\t\t\t\t<\/div>\n\t\t\t\t<div class=\"elementor-element elementor-element-c13528d elementor-widget__width-initial elementor-widget elementor-widget-text-editor\" data-id=\"c13528d\" data-element_type=\"widget\" data-e-type=\"widget\" data-widget_type=\"text-editor.default\">\n\t\t\t\t<div class=\"elementor-widget-container\">\n\t\t\t\t\t\t\t\t\t<p>El Consejo de Administraci\u00f3n es el m\u00e1ximo responsable de la estrategia y la gesti\u00f3n de la empresa, as\u00ed como de la supervisi\u00f3n de la direcci\u00f3n ejecutiva.<\/p>\t\t\t\t\t\t\t\t<\/div>\n\t\t\t\t<\/div>\n\t\t\t\t<\/div>\n\t\t<div class=\"elementor-element elementor-element-505070b e-grid e-con-full e-con e-child\" data-id=\"505070b\" data-element_type=\"container\" data-e-type=\"container\">\n\t\t\t\t<div class=\"elementor-element elementor-element-048039b elementor-position-top elementor-widget elementor-widget-image-box\" data-id=\"048039b\" data-element_type=\"widget\" data-e-type=\"widget\" data-widget_type=\"image-box.default\">\n\t\t\t\t<div class=\"elementor-widget-container\">\n\t\t\t\t\t<div class=\"elementor-image-box-wrapper\"><figure class=\"elementor-image-box-img\"><img fetchpriority=\"high\" decoding=\"async\" width=\"360\" height=\"480\" src=\"https:\/\/iterla.com\/wp-content\/uploads\/2025\/09\/pietro.jpg\" class=\"attachment-full size-full wp-image-440\" alt=\"\" srcset=\"https:\/\/iterla.com\/wp-content\/uploads\/2025\/09\/pietro.jpg 360w, https:\/\/iterla.com\/wp-content\/uploads\/2025\/09\/pietro-225x300.jpg 225w, https:\/\/iterla.com\/wp-content\/uploads\/2025\/09\/pietro-9x12.jpg 9w\" sizes=\"(max-width: 360px) 100vw, 360px\" \/><\/figure><div class=\"elementor-image-box-content\"><h3 class=\"elementor-image-box-title\">Pietro JL Solari<\/h3><p class=\"elementor-image-box-description\"><span>Presidente del Consejo Asesor<\/span>\n<p>\nBanquero con m\u00e1s de 40 a\u00f1os de trayectoria profesional en todos los \u00e1mbitos del sector, incluyendo la banca privada, la banca de inversi\u00f3n, las finanzas corporativas y la gesti\u00f3n de activos. En su funci\u00f3n de asesor, su red de contactos, combinada con una amplia experiencia en los mercados de capitales, aporta a Iterla Asset Management Corp. un conocimiento inestimable en la gesti\u00f3n de servicios financieros. Sus logros a lo largo de su carrera, centrados en la regi\u00f3n iberoamericana para instituciones financieras como \u00abBank of America\u00bb, \u00abRothschild\u2019s\u00bb y \u00abMerrill Lynch\u00bb, son testimonio de su experiencia. Pietro, como inversor privado, aprovecha sus habilidades emprendedoras. Ha fundado y recaudado capital de riesgo en toda Am\u00e9rica Latina en diversos sectores, como los servicios financieros, la tecnolog\u00eda, el sector inmobiliario, la agroindustria y la miner\u00eda. Contribuye activamente formando parte de los consejos de administraci\u00f3n de varias de estas empresas. Ciudadano suizo residente en Panam\u00e1, estudi\u00f3 Historia del Arte y Negocios en la Universidad de Nueva York, habla con fluidez espa\u00f1ol, portugu\u00e9s, italiano, franc\u00e9s e ingl\u00e9s; tiene cuatro hijos y cuatro nietos.\n<\/p><\/p><\/div><\/div>\t\t\t\t<\/div>\n\t\t\t\t<\/div>\n\t\t\t\t<div class=\"elementor-element elementor-element-4f8fe7c elementor-position-top elementor-widget elementor-widget-image-box\" data-id=\"4f8fe7c\" data-element_type=\"widget\" data-e-type=\"widget\" data-widget_type=\"image-box.default\">\n\t\t\t\t<div class=\"elementor-widget-container\">\n\t\t\t\t\t<div class=\"elementor-image-box-wrapper\"><figure class=\"elementor-image-box-img\"><img decoding=\"async\" width=\"360\" height=\"480\" src=\"https:\/\/iterla.com\/wp-content\/uploads\/2025\/09\/alessandro.jpg\" class=\"attachment-full size-full wp-image-435\" alt=\"\" srcset=\"https:\/\/iterla.com\/wp-content\/uploads\/2025\/09\/alessandro.jpg 360w, https:\/\/iterla.com\/wp-content\/uploads\/2025\/09\/alessandro-225x300.jpg 225w, https:\/\/iterla.com\/wp-content\/uploads\/2025\/09\/alessandro-9x12.jpg 9w\" sizes=\"(max-width: 360px) 100vw, 360px\" \/><\/figure><div class=\"elementor-image-box-content\"><h3 class=\"elementor-image-box-title\">Alessandro Cavallera<\/h3><p class=\"elementor-image-box-description\"><span>Asesor -Oficina de Gesti\u00f3n de Patrimonios Familiares-<\/span>\n<p>\nEmprendedor en serie, con un gran inter\u00e9s por los servicios financieros, el sector inmobiliario y la industria de la hospitalidad. Tras una etapa de cinco a\u00f1os en el sector inmobiliario en China, Alessandro se traslad\u00f3 a Panam\u00e1 en 2009 para dirigir su propia oficina de gesti\u00f3n de patrimonios familiares, donde fue pionero en inversiones inmobiliarias en el prometedor barrio de Casco Viejo. Esto lo llev\u00f3 a fundar el exitoso \u00abGrupo Salvaje\u00bb, ahora una cadena de la industria de la hospitalidad con 22 restaurantes diferentes en todo el mundo. Al tener poco qu\u00e9 hacer durante la pandemia de COVID-19, lanz\u00f3 en una hoja de c\u00e1lculo de Excel \u00abKrediYa\u00bb, hoy una de las mayores fintech de microcr\u00e9ditos de Am\u00e9rica Latina, presente en Panam\u00e1, Honduras, El Salvador, Guatemala, Costa Rica, Colombia y M\u00e9xico. Adem\u00e1s, Alessandro ha llevado a varias empresas a cotizar en el NASDAQ. De nacionalidad italiana, cuando no est\u00e1 viajando extensamente para promover negocios, vive en la ciudad de Panam\u00e1 y habla con fluidez italiano, espa\u00f1ol e ingl\u00e9s. Es licenciado en Derecho por la Universidad Bocconi (Mil\u00e1n) y tiene un posgrado en Finanzas Ejecutivas de Harvard. Asesora a Iterla en todos los asuntos relacionados con gesti\u00f3n de patrimonios familiares.\n<\/p><\/p><\/div><\/div>\t\t\t\t<\/div>\n\t\t\t\t<\/div>\n\t\t\t\t<div class=\"elementor-element elementor-element-ae5be8a elementor-position-top elementor-widget elementor-widget-image-box\" data-id=\"ae5be8a\" data-element_type=\"widget\" data-e-type=\"widget\" data-widget_type=\"image-box.default\">\n\t\t\t\t<div class=\"elementor-widget-container\">\n\t\t\t\t\t<div class=\"elementor-image-box-wrapper\"><figure class=\"elementor-image-box-img\"><img decoding=\"async\" width=\"360\" height=\"480\" src=\"https:\/\/iterla.com\/wp-content\/uploads\/2025\/09\/moises.jpg\" class=\"attachment-full size-full wp-image-439\" alt=\"\" srcset=\"https:\/\/iterla.com\/wp-content\/uploads\/2025\/09\/moises.jpg 360w, https:\/\/iterla.com\/wp-content\/uploads\/2025\/09\/moises-225x300.jpg 225w, https:\/\/iterla.com\/wp-content\/uploads\/2025\/09\/moises-9x12.jpg 9w\" sizes=\"(max-width: 360px) 100vw, 360px\" \/><\/figure><div class=\"elementor-image-box-content\"><h3 class=\"elementor-image-box-title\">Moises Gracia<\/h3><p class=\"elementor-image-box-description\"><span>Asesor -Activos digitales-<\/span>\n<p>\nIngeniero civil, Mois\u00e9s ha desarrollado una gran curiosidad por los activos digitales, lo que le ha llevado a convertirse en un experto en el campo, asesorando tanto a gobiernos como a instituciones. Su conocimiento pr\u00e1ctico del ecosistema blockchain dio lugar a la fundaci\u00f3n de \u00abOwl Capital\u00bb, un fondo de inversi\u00f3n dedicado a la provisi\u00f3n de liquidez de activos digitales. Anteriormente, tras haber pasado 19 a\u00f1os como director para Centroam\u00e9rica y el Caribe de la empresa suiza \u00abSGS\u00bb, cuenta con un profundo conocimiento de la regi\u00f3n. Mois\u00e9s es de nacionalidad espa\u00f1ola y reside en Panam\u00e1. Habla espa\u00f1ol e ingl\u00e9s, es licenciado y m\u00e1ster en Ingenier\u00eda Civil por la Universidad Polit\u00e9cnica de Madrid, y tiene un MBA por la IE Business School (Madrid). Mois\u00e9s tiene la ciudadan\u00eda digital de la Mancomunidad de Dominica. Asesora a Iterla en todos los servicios relacionados con los activos digitales.\n<\/p><\/p><\/div><\/div>\t\t\t\t<\/div>\n\t\t\t\t<\/div>\n\t\t\t\t<div class=\"elementor-element elementor-element-fc6a6f3 elementor-position-top elementor-widget elementor-widget-image-box\" data-id=\"fc6a6f3\" data-element_type=\"widget\" data-e-type=\"widget\" data-widget_type=\"image-box.default\">\n\t\t\t\t<div class=\"elementor-widget-container\">\n\t\t\t\t\t<div class=\"elementor-image-box-wrapper\"><figure class=\"elementor-image-box-img\"><img loading=\"lazy\" decoding=\"async\" width=\"360\" height=\"480\" src=\"https:\/\/iterla.com\/wp-content\/uploads\/2025\/09\/glenn.jpg\" class=\"attachment-full size-full wp-image-436\" alt=\"\" srcset=\"https:\/\/iterla.com\/wp-content\/uploads\/2025\/09\/glenn.jpg 360w, https:\/\/iterla.com\/wp-content\/uploads\/2025\/09\/glenn-225x300.jpg 225w, https:\/\/iterla.com\/wp-content\/uploads\/2025\/09\/glenn-9x12.jpg 9w\" sizes=\"(max-width: 360px) 100vw, 360px\" \/><\/figure><div class=\"elementor-image-box-content\"><h3 class=\"elementor-image-box-title\">Glenn Evans<\/h3><p class=\"elementor-image-box-description\"><span>Asesor -Seguros y fondos de inversi\u00f3n-<\/span>\n<p>\nComo gestor patrimonial, conocido por su enfoque integral de la planificaci\u00f3n \u2014que hace hincapi\u00e9 en el deber fiduciario combinado con los objetivos del cliente, alcanzados mediante estrategias de inversi\u00f3n en cualquier tipo de fondos\u2014, Glenn ha desarrollado a lo largo de sus 39 a\u00f1os de carrera en el sector de los servicios financieros una ventaja competitiva \u00fanica y personalizada, muy apreciada por oficinas de gesti\u00f3n de patrimonios familiares, emprendedores e instituciones. Exneoyorquino, tras haber trabajado para \u00abThe Equitable\u00bb y \u00abOppenheimer &amp; Co.\u00bb, ha desarrollado a lo largo de los a\u00f1os, entre otras soluciones, planes de optimizaci\u00f3n fiscal a trav\u00e9s de soluciones de seguros. Glenn se gradu\u00f3 en la Universidad de St. Thomas de Villanova, en Miami, y tiene un MBA de la Universidad de California, Berkeley; habla espa\u00f1ol e ingl\u00e9s con fluidez; es ciudadano estadounidense y ha vivido en Panam\u00e1 durante los \u00faltimos 35 a\u00f1os. Asesora a Iterla en todos los asuntos relacionados con seguros y fondos de inversi\u00f3n.\n<\/p><\/p><\/div><\/div>\t\t\t\t<\/div>\n\t\t\t\t<\/div>\n\t\t\t\t<div class=\"elementor-element elementor-element-013ba3e elementor-position-top elementor-widget elementor-widget-image-box\" data-id=\"013ba3e\" data-element_type=\"widget\" data-e-type=\"widget\" data-widget_type=\"image-box.default\">\n\t\t\t\t<div class=\"elementor-widget-container\">\n\t\t\t\t\t<div class=\"elementor-image-box-wrapper\"><figure class=\"elementor-image-box-img\"><img loading=\"lazy\" decoding=\"async\" width=\"360\" height=\"480\" src=\"https:\/\/iterla.com\/wp-content\/uploads\/2025\/09\/juliojavier.jpg\" class=\"attachment-full size-full wp-image-438\" alt=\"\" srcset=\"https:\/\/iterla.com\/wp-content\/uploads\/2025\/09\/juliojavier.jpg 360w, https:\/\/iterla.com\/wp-content\/uploads\/2025\/09\/juliojavier-225x300.jpg 225w, https:\/\/iterla.com\/wp-content\/uploads\/2025\/09\/juliojavier-9x12.jpg 9w\" sizes=\"(max-width: 360px) 100vw, 360px\" \/><\/figure><div class=\"elementor-image-box-content\"><h3 class=\"elementor-image-box-title\">Julio Javier Justiniani<\/h3><p class=\"elementor-image-box-description\"><span>Asesor -Cumplimiento normativo-<\/span>\n<p>\nExfuncionario regulador, Julio Javier ocup\u00f3 durante los \u00faltimos cinco a\u00f1os el cargo de Superintendente de la Autoridad del Mercado de Valores de Panam\u00e1, tras haber trabajado otros cuatro a\u00f1os como funcionario p\u00fablico en este mismo organismo. Cuenta con una s\u00f3lida trayectoria en el sector bancario, tras haber desempe\u00f1ado durante m\u00e1s de 25 a\u00f1os funciones ejecutivas en grupos financieros paname\u00f1os como \u00abMultibank\u00bb, \u00abBanco Hipotecario\u00bb, \u00abPanafinsa\u00bb y \u00abCanal Bank\u00bb. Es titular de un MBA de la Universidad de Louisville, habla espa\u00f1ol e ingl\u00e9s, es ciudadano paname\u00f1o y reside en Panam\u00e1. Asesora a Iterla en todos los asuntos regulatorios.\n<\/p><\/p><\/div><\/div>\t\t\t\t<\/div>\n\t\t\t\t<\/div>\n\t\t\t\t<div class=\"elementor-element elementor-element-5f8efa1 elementor-position-top elementor-widget elementor-widget-image-box\" data-id=\"5f8efa1\" data-element_type=\"widget\" data-e-type=\"widget\" data-widget_type=\"image-box.default\">\n\t\t\t\t<div class=\"elementor-widget-container\">\n\t\t\t\t\t<div class=\"elementor-image-box-wrapper\"><figure class=\"elementor-image-box-img\"><img loading=\"lazy\" decoding=\"async\" width=\"360\" height=\"480\" src=\"https:\/\/iterla.com\/wp-content\/uploads\/2026\/01\/carlos.jpg\" class=\"attachment-full size-full wp-image-501\" alt=\"\" srcset=\"https:\/\/iterla.com\/wp-content\/uploads\/2026\/01\/carlos.jpg 360w, https:\/\/iterla.com\/wp-content\/uploads\/2026\/01\/carlos-225x300.jpg 225w, https:\/\/iterla.com\/wp-content\/uploads\/2026\/01\/carlos-9x12.jpg 9w\" sizes=\"(max-width: 360px) 100vw, 360px\" \/><\/figure><div class=\"elementor-image-box-content\"><h3 class=\"elementor-image-box-title\">Carlos Zalles<\/h3><p class=\"elementor-image-box-description\"><span>Asesor -Banca de inversi\u00f3n-<\/span>\n<p>\nBanquero especializado en banca de inversi\u00f3n y finanzas corporativas en Am\u00e9rica Latina, Carlos comenz\u00f3 su carrera en el \u00abAmerican Security Bank\u00bb y, posteriormente, perfeccion\u00f3 sus habilidades en finanzas corporativas durante la d\u00e9cada de 1980 en el \u00abBank of America\u00bb en M\u00e9xico y Venezuela. Posteriormente, fund\u00f3 \u00abVestcorp Partners\u00bb y \u00abAndino Capital Markets\u00bb, donde fue responsable de operaciones y distribuci\u00f3n, dos boutiques bancarias pioneras en Am\u00e9rica Latina. Durante los \u00faltimos 25 a\u00f1os ha sido presidente y fundador de \u00abLW Partners\u00bb, un grupo de empresas de servicios financieros que opera en banca de inversi\u00f3n, gesti\u00f3n de activos y corretaje. Actualmente forma parte del consejo de administraci\u00f3n de \u00abWelcy Capital Advisors\u00bb, una asesor\u00eda de inversiones registrada con sede en Miami. Carlos se gradu\u00f3 en la McDonough School of Business de la Universidad de Georgetown, habla espa\u00f1ol e ingl\u00e9s con fluidez, reside en Miami y tiene 5 hijos y 5 nietos. Asesora a Iterla en todo lo relacionado con la banca de inversi\u00f3n.\n<\/p><\/p><\/div><\/div>\t\t\t\t<\/div>\n\t\t\t\t<\/div>\n\t\t\t\t<div class=\"elementor-element elementor-element-a20fec8 elementor-position-top elementor-widget elementor-widget-image-box\" data-id=\"a20fec8\" data-element_type=\"widget\" data-e-type=\"widget\" data-widget_type=\"image-box.default\">\n\t\t\t\t<div class=\"elementor-widget-container\">\n\t\t\t\t\t<div class=\"elementor-image-box-wrapper\"><figure class=\"elementor-image-box-img\"><img loading=\"lazy\" decoding=\"async\" width=\"360\" height=\"480\" src=\"https:\/\/iterla.com\/wp-content\/uploads\/2026\/01\/jorge.jpg\" class=\"attachment-full size-full wp-image-503\" alt=\"\" srcset=\"https:\/\/iterla.com\/wp-content\/uploads\/2026\/01\/jorge.jpg 360w, https:\/\/iterla.com\/wp-content\/uploads\/2026\/01\/jorge-225x300.jpg 225w, https:\/\/iterla.com\/wp-content\/uploads\/2026\/01\/jorge-9x12.jpg 9w\" sizes=\"(max-width: 360px) 100vw, 360px\" \/><\/figure><div class=\"elementor-image-box-content\"><h3 class=\"elementor-image-box-title\">Jorge Cravo<\/h3><p class=\"elementor-image-box-description\"><span>Asesor -Gesti\u00f3n de activos-<\/span>\n<p>\nEjecutivo financiero s\u00e9nior con m\u00e1s de 30 a\u00f1os de experiencia internacional en banca privada, gesti\u00f3n de activos y gesti\u00f3n comercial en Europa y Am\u00e9rica Latina. Liderazgo comprobado en el desarrollo de carteras de clientes de alto patrimonio, la gesti\u00f3n de equipos transfronterizos y el impulso del crecimiento empresarial dentro de instituciones financieras l\u00edderes. Reconocido por su visi\u00f3n estrat\u00e9gica, excelencia operativa y profundo conocimiento de los mercados financieros globales. El enfoque h\u00e1bil de Jorge en la gesti\u00f3n de carteras lo convierte en un asesor invaluable para Iterla en todos estos asuntos. Es miembro del Consejo de Administraci\u00f3n de Iterla Investment Management Corp., nuestra filial de gesti\u00f3n de activos.\n<\/p><\/p><\/div><\/div>\t\t\t\t<\/div>\n\t\t\t\t<\/div>\n\t\t\t\t<div class=\"elementor-element elementor-element-b5518d2 elementor-position-top elementor-widget elementor-widget-image-box\" data-id=\"b5518d2\" data-element_type=\"widget\" data-e-type=\"widget\" data-widget_type=\"image-box.default\">\n\t\t\t\t<div class=\"elementor-widget-container\">\n\t\t\t\t\t<div class=\"elementor-image-box-wrapper\"><figure class=\"elementor-image-box-img\"><img loading=\"lazy\" decoding=\"async\" width=\"360\" height=\"480\" src=\"https:\/\/iterla.com\/wp-content\/uploads\/2025\/09\/todd.jpg\" class=\"attachment-full size-full wp-image-441\" alt=\"\" srcset=\"https:\/\/iterla.com\/wp-content\/uploads\/2025\/09\/todd.jpg 360w, https:\/\/iterla.com\/wp-content\/uploads\/2025\/09\/todd-225x300.jpg 225w, https:\/\/iterla.com\/wp-content\/uploads\/2025\/09\/todd-9x12.jpg 9w\" sizes=\"(max-width: 360px) 100vw, 360px\" \/><\/figure><div class=\"elementor-image-box-content\"><h3 class=\"elementor-image-box-title\">Todd Heinzl<\/h3><p class=\"elementor-image-box-description\"><span>Asesor -Nuevos productos-<\/span>\n<p>\nProfesional de la consultor\u00eda con m\u00e1s de 35 a\u00f1os de experiencia en los sectores de inversi\u00f3n, banca de inversi\u00f3n y servicios financieros. Todd ha llevado a m\u00e1s de 20 empresas a cotizar en el NASDAQ y otras bolsas de valores, facilitando su salida a bolsa mediante un proceso preciso, ordenado y conforme a la normativa. Cuenta con un Diploma en Gesti\u00f3n Ejecutiva de la Wharton School of Business. Todd es ciudadano canadiense y reside en Ottawa. Asesora a Iterla en todos los asuntos relacionados con nuevos productos de inversi\u00f3n.\n<\/p><\/p><\/div><\/div>\t\t\t\t<\/div>\n\t\t\t\t<\/div>\n\t\t\t\t<\/div>\n\t\t\t\t<\/div>\n\t\t<div class=\"elementor-element elementor-element-4e71062 e-con-full e-flex e-con e-parent\" data-id=\"4e71062\" data-element_type=\"container\" data-e-type=\"container\" data-settings=\"{&quot;background_background&quot;:&quot;classic&quot;}\">\n\t\t\t\t<div class=\"elementor-element elementor-element-f17f4e4 elementor-widget elementor-widget-html\" data-id=\"f17f4e4\" data-element_type=\"widget\" data-e-type=\"widget\" data-widget_type=\"html.default\">\n\t\t\t\t<div class=\"elementor-widget-container\">\n\t\t\t\t\t<div style=\"justify-content:center;\" id=\"page_header_links\">\n    <a href=\"\/es\/.\/contact\/\" class=\"outline clear\" style=\"border-width:2px\">Cont\u00e1ctenos <i class=\"fa fa-caret-right\"><\/i><\/a>\n<\/div>\t\t\t\t<\/div>\n\t\t\t\t<\/div>\n\t\t\t\t<\/div>\n\t\t\t\t<\/div>","protected":false},"excerpt":{"rendered":"<p>Directors Advisors Executive Team Group Board of Advisors The Board has the ultimate responsibility for the strategy and the management of the Company and for the supervision of the Executive Management. Pietro JL Solari Chairman -Advisory Board- A Banker, with 40+ year career spanning all aspects, including Private Banking, Investment Banking, Corporate Finance, Asset Management. [&hellip;]<\/p>\n","protected":false},"author":1,"featured_media":0,"parent":0,"menu_order":0,"comment_status":"closed","ping_status":"closed","template":"","meta":{"footnotes":""},"class_list":["post-549","page","type-page","status-publish","hentry"],"_links":{"self":[{"href":"https:\/\/iterla.com\/es\/wp-json\/wp\/v2\/pages\/549","targetHints":{"allow":["GET"]}}],"collection":[{"href":"https:\/\/iterla.com\/es\/wp-json\/wp\/v2\/pages"}],"about":[{"href":"https:\/\/iterla.com\/es\/wp-json\/wp\/v2\/types\/page"}],"author":[{"embeddable":true,"href":"https:\/\/iterla.com\/es\/wp-json\/wp\/v2\/users\/1"}],"replies":[{"embeddable":true,"href":"https:\/\/iterla.com\/es\/wp-json\/wp\/v2\/comments?post=549"}],"version-history":[{"count":0,"href":"https:\/\/iterla.com\/es\/wp-json\/wp\/v2\/pages\/549\/revisions"}],"wp:attachment":[{"href":"https:\/\/iterla.com\/es\/wp-json\/wp\/v2\/media?parent=549"}],"curies":[{"name":"wp","href":"https:\/\/api.w.org\/{rel}","templated":true}]}}