{"id":19,"date":"2025-05-28T22:13:07","date_gmt":"2025-05-28T22:13:07","guid":{"rendered":"https:\/\/iterla.com\/?page_id=19"},"modified":"2026-03-09T16:42:27","modified_gmt":"2026-03-09T16:42:27","slug":"services","status":"publish","type":"page","link":"https:\/\/iterla.com\/es\/services\/","title":{"rendered":"Servicios"},"content":{"rendered":"<div data-elementor-type=\"wp-page\" data-elementor-id=\"19\" class=\"elementor elementor-19\">\n\t\t\t\t<div class=\"elementor-element elementor-element-2f51a54 e-con-full e-flex e-con e-parent\" data-id=\"2f51a54\" data-element_type=\"container\" data-e-type=\"container\" data-settings=\"{&quot;background_background&quot;:&quot;classic&quot;}\">\n\t\t\t\t<div class=\"elementor-element elementor-element-661c23e elementor-widget elementor-widget-html\" data-id=\"661c23e\" data-element_type=\"widget\" data-e-type=\"widget\" data-widget_type=\"html.default\">\n\t\t\t\t<div class=\"elementor-widget-container\">\n\t\t\t\t\t<!--div style=\"--pos:0;\" id=\"submenu\">\n    <span onclick=\"menu_ir('services_intro');\">Our Services<\/span>\n    <span onclick=\"menu_ir('services');\">Services<\/span>\n<\/div-->\t\t\t\t<\/div>\n\t\t\t\t<\/div>\n\t\t\t\t<div class=\"elementor-element elementor-element-ff79a83 elementor-widget elementor-widget-heading\" data-id=\"ff79a83\" data-element_type=\"widget\" data-e-type=\"widget\" id=\"page_header\" data-widget_type=\"heading.default\">\n\t\t\t\t<div class=\"elementor-widget-container\">\n\t\t\t\t\t<h1 class=\"elementor-heading-title elementor-size-default\"><b>Servicios<\/b><\/h1>\t\t\t\t<\/div>\n\t\t\t\t<\/div>\n\t\t\t\t<\/div>\n\t\t<div class=\"elementor-element elementor-element-136f997 e-con-full e-flex e-con e-parent\" data-id=\"136f997\" data-element_type=\"container\" data-e-type=\"container\" id=\"services_intro\">\n\t\t<div class=\"elementor-element elementor-element-1e5ff7e e-con-full e-transform e-flex e-con e-child\" data-id=\"1e5ff7e\" data-element_type=\"container\" data-e-type=\"container\" data-settings=\"{&quot;background_background&quot;:&quot;classic&quot;,&quot;_transform_translateY_effect&quot;:{&quot;unit&quot;:&quot;em&quot;,&quot;size&quot;:-2.5,&quot;sizes&quot;:[]},&quot;_transform_translateY_effect_tablet&quot;:{&quot;unit&quot;:&quot;em&quot;,&quot;size&quot;:&quot;&quot;,&quot;sizes&quot;:[]},&quot;_transform_translateY_effect_mobile&quot;:{&quot;unit&quot;:&quot;em&quot;,&quot;size&quot;:-1,&quot;sizes&quot;:[]},&quot;_transform_translateX_effect&quot;:{&quot;unit&quot;:&quot;px&quot;,&quot;size&quot;:&quot;&quot;,&quot;sizes&quot;:[]},&quot;_transform_translateX_effect_tablet&quot;:{&quot;unit&quot;:&quot;px&quot;,&quot;size&quot;:&quot;&quot;,&quot;sizes&quot;:[]},&quot;_transform_translateX_effect_mobile&quot;:{&quot;unit&quot;:&quot;px&quot;,&quot;size&quot;:&quot;&quot;,&quot;sizes&quot;:[]}}\">\n\t\t\t\t<div class=\"elementor-element elementor-element-ac9ce08 elementor-widget__width-initial elementor-widget elementor-widget-heading\" data-id=\"ac9ce08\" data-element_type=\"widget\" data-e-type=\"widget\" data-widget_type=\"heading.default\">\n\t\t\t\t<div class=\"elementor-widget-container\">\n\t\t\t\t\t<h2 class=\"elementor-heading-title elementor-size-default\">Somos su socio estrat\u00e9gico<\/h2>\t\t\t\t<\/div>\n\t\t\t\t<\/div>\n\t\t\t\t<div class=\"elementor-element elementor-element-c9e338e elementor-widget elementor-widget-text-editor\" data-id=\"c9e338e\" data-element_type=\"widget\" data-e-type=\"widget\" data-widget_type=\"text-editor.default\">\n\t\t\t\t<div class=\"elementor-widget-container\">\n\t\t\t\t\t\t\t\t\t<p>Ofrecemos una amplia y variada gama de productos de inversi\u00f3n, cuidadosamente seleccionados para satisfacer las necesidades espec\u00edficas, los perfiles de riesgo y los horizontes financieros de cada cliente.<\/p>\t\t\t\t\t\t\t\t<\/div>\n\t\t\t\t<\/div>\n\t\t\t\t<\/div>\n\t\t<div class=\"elementor-element elementor-element-173f0a1 e-con-full e-flex e-con e-child\" data-id=\"173f0a1\" data-element_type=\"container\" data-e-type=\"container\">\n\t\t\t\t<div class=\"elementor-element elementor-element-9ee1708 elementor-widget elementor-widget-text-editor\" data-id=\"9ee1708\" data-element_type=\"widget\" data-e-type=\"widget\" data-widget_type=\"text-editor.default\">\n\t\t\t\t<div class=\"elementor-widget-container\">\n\t\t\t\t\t\t\t\t\t<p>Nuestra cartera de soluciones est\u00e1 dise\u00f1ada para acompa\u00f1arle en cada etapa de su proceso de creaci\u00f3n de patrimonio, brind\u00e1ndole acceso a instrumentos de alta calidad, an\u00e1lisis expertos y estrategias personalizadas.<\/p><p>Sean cuales sean sus metas, en nosotros encontrar\u00e1 una forma confiable de alcanzar sus objetivos financieros de manera s\u00f3lida y sostenible.<\/p>\t\t\t\t\t\t\t\t<\/div>\n\t\t\t\t<\/div>\n\t\t\t\t<\/div>\n\t\t\t\t<\/div>\n\t\t<div class=\"elementor-element elementor-element-7fe5ed1 e-con-full e-flex e-con e-parent\" data-id=\"7fe5ed1\" data-element_type=\"container\" data-e-type=\"container\" id=\"services\">\n\t\t<div class=\"elementor-element elementor-element-19fc705 e-con-full e-flex e-con e-child\" data-id=\"19fc705\" data-element_type=\"container\" data-e-type=\"container\">\n\t\t\t\t<div class=\"elementor-element elementor-element-6c895e7 elementor-widget elementor-widget-heading\" data-id=\"6c895e7\" data-element_type=\"widget\" data-e-type=\"widget\" data-widget_type=\"heading.default\">\n\t\t\t\t<div class=\"elementor-widget-container\">\n\t\t\t\t\t<h2 class=\"elementor-heading-title elementor-size-default\"><span style=\"color:#2BA\">Sus objetivos,<\/span> nuestras estrategias<\/h2>\t\t\t\t<\/div>\n\t\t\t\t<\/div>\n\t\t\t\t<div class=\"elementor-element elementor-element-a139927 elementor-widget elementor-widget-text-editor\" data-id=\"a139927\" data-element_type=\"widget\" data-e-type=\"widget\" data-widget_type=\"text-editor.default\">\n\t\t\t\t<div class=\"elementor-widget-container\">\n\t\t\t\t\t\t\t\t\t<p><span style=\"font-weight: 400;\">Somos una firma especializada en servicios financieros, similar a un \u00abbanco de inversi\u00f3n\u00bb, que presta servicios principalmente a instituciones y oficinas de gesti\u00f3n de patrimonios familiares de particulares con un patrimonio neto muy elevado, ofreciendo servicios especializados en:<\/span><\/p>\t\t\t\t\t\t\t\t<\/div>\n\t\t\t\t<\/div>\n\t\t\t\t<\/div>\n\t\t\t\t<\/div>\n\t\t<div class=\"elementor-element elementor-element-378cac9 e-grid e-con-full e-con e-parent\" data-id=\"378cac9\" data-element_type=\"container\" data-e-type=\"container\" data-settings=\"{&quot;background_background&quot;:&quot;classic&quot;}\">\n\t\t<div class=\"elementor-element elementor-element-7fded9f service e-flex e-con-boxed e-con e-child\" data-id=\"7fded9f\" data-element_type=\"container\" data-e-type=\"container\" data-settings=\"{&quot;background_background&quot;:&quot;classic&quot;}\">\n\t\t\t\t\t<div class=\"e-con-inner\">\n\t\t\t\t<div class=\"elementor-element elementor-element-8872a88 elementor-widget elementor-widget-heading\" data-id=\"8872a88\" data-element_type=\"widget\" data-e-type=\"widget\" data-widget_type=\"heading.default\">\n\t\t\t\t<div class=\"elementor-widget-container\">\n\t\t\t\t\t<h2 class=\"elementor-heading-title elementor-size-default\">Banca de inversi\u00f3n<\/h2>\t\t\t\t<\/div>\n\t\t\t\t<\/div>\n\t\t\t\t<div class=\"elementor-element elementor-element-edef6ae elementor-widget elementor-widget-text-editor\" data-id=\"edef6ae\" data-element_type=\"widget\" data-e-type=\"widget\" data-widget_type=\"text-editor.default\">\n\t\t\t\t<div class=\"elementor-widget-container\">\n\t\t\t\t\t\t\t\t\t<ul><li><span style=\"font-weight: 400;\">Asesoramiento y obtenci\u00f3n de capital mediante deuda o capital<\/span><\/li><li><span style=\"font-weight: 400;\">Asesoramiento estrat\u00e9gico en fusiones y adquisiciones<\/span><\/li><li><span style=\"font-weight: 400;\">Colocaciones privadas<\/span><\/li><li><span style=\"font-weight: 400;\">Financiaci\u00f3n estructurada<\/span><\/li><\/ul>\t\t\t\t\t\t\t\t<\/div>\n\t\t\t\t<\/div>\n\t\t\t\t<div class=\"elementor-element elementor-element-220829c elementor-widget elementor-widget-html\" data-id=\"220829c\" data-element_type=\"widget\" data-e-type=\"widget\" data-widget_type=\"html.default\">\n\t\t\t\t<div class=\"elementor-widget-container\">\n\t\t\t\t\t<div id=\"page_header_links\">\n    <a onclick=\"view_service(0);\" class=\"outline\">M\u00e1s informaci\u00f3n <i class=\"fa fa-caret-right\"><\/i><\/a>\n<\/div>\t\t\t\t<\/div>\n\t\t\t\t<\/div>\n\t\t\t\t\t<\/div>\n\t\t\t\t<\/div>\n\t\t<div class=\"elementor-element elementor-element-265dcfa service e-flex e-con-boxed e-con e-child\" data-id=\"265dcfa\" data-element_type=\"container\" data-e-type=\"container\" data-settings=\"{&quot;background_background&quot;:&quot;classic&quot;}\">\n\t\t\t\t\t<div class=\"e-con-inner\">\n\t\t\t\t<div class=\"elementor-element elementor-element-bce879e elementor-widget elementor-widget-heading\" data-id=\"bce879e\" data-element_type=\"widget\" data-e-type=\"widget\" data-widget_type=\"heading.default\">\n\t\t\t\t<div class=\"elementor-widget-container\">\n\t\t\t\t\t<h2 class=\"elementor-heading-title elementor-size-default\">Gesti\u00f3n de activos<\/h2>\t\t\t\t<\/div>\n\t\t\t\t<\/div>\n\t\t\t\t<div class=\"elementor-element elementor-element-5cf10b1 elementor-widget elementor-widget-text-editor\" data-id=\"5cf10b1\" data-element_type=\"widget\" data-e-type=\"widget\" data-widget_type=\"text-editor.default\">\n\t\t\t\t<div class=\"elementor-widget-container\">\n\t\t\t\t\t\t\t\t\t<ul><li><span style=\"font-weight: 400;\">A<\/span><span style=\"font-weight: 400;\">sesoramiento y\/o gesti\u00f3n discrecional de activos<\/span><\/li><li><span style=\"font-weight: 400;\">Inversiones alternativas<\/span><\/li><li><span style=\"font-weight: 400;\">Sector inmobiliario<\/span><\/li><li><span style=\"font-weight: 400;\">Capital riesgo<\/span><\/li><li><span style=\"font-weight: 400;\">Capital privado<\/span><\/li><\/ul>\t\t\t\t\t\t\t\t<\/div>\n\t\t\t\t<\/div>\n\t\t\t\t<div class=\"elementor-element elementor-element-4703426 elementor-widget elementor-widget-html\" data-id=\"4703426\" data-element_type=\"widget\" data-e-type=\"widget\" data-widget_type=\"html.default\">\n\t\t\t\t<div class=\"elementor-widget-container\">\n\t\t\t\t\t<div id=\"page_header_links\">\n    <a onclick=\"view_service(1);\" class=\"outline\">M\u00e1s informaci\u00f3n <i class=\"fa fa-caret-right\"><\/i><\/a>\n<\/div>\t\t\t\t<\/div>\n\t\t\t\t<\/div>\n\t\t\t\t\t<\/div>\n\t\t\t\t<\/div>\n\t\t<div class=\"elementor-element elementor-element-4fe96ed service e-flex e-con-boxed e-con e-child\" data-id=\"4fe96ed\" data-element_type=\"container\" data-e-type=\"container\" data-settings=\"{&quot;background_background&quot;:&quot;classic&quot;}\">\n\t\t\t\t\t<div class=\"e-con-inner\">\n\t\t\t\t<div class=\"elementor-element elementor-element-7d840f4 elementor-widget elementor-widget-heading\" data-id=\"7d840f4\" data-element_type=\"widget\" data-e-type=\"widget\" data-widget_type=\"heading.default\">\n\t\t\t\t<div class=\"elementor-widget-container\">\n\t\t\t\t\t<h2 class=\"elementor-heading-title elementor-size-default\">Corretaje<\/h2>\t\t\t\t<\/div>\n\t\t\t\t<\/div>\n\t\t\t\t<div class=\"elementor-element elementor-element-848e6a6 elementor-widget elementor-widget-text-editor\" data-id=\"848e6a6\" data-element_type=\"widget\" data-e-type=\"widget\" data-widget_type=\"text-editor.default\">\n\t\t\t\t<div class=\"elementor-widget-container\">\n\t\t\t\t\t\t\t\t\t<ul><li><span style=\"font-weight: 400;\">Gesti\u00f3n de riesgos de divisas, tipos de inter\u00e9s y materias primas<\/span><\/li><li><span style=\"font-weight: 400;\">Negociaci\u00f3n de deuda, acciones y metales preciosos<\/span><\/li><li><span style=\"font-weight: 400;\">Mesa de fondos<\/span><\/li><\/ul>\t\t\t\t\t\t\t\t<\/div>\n\t\t\t\t<\/div>\n\t\t\t\t<div class=\"elementor-element elementor-element-c7433a7 elementor-widget elementor-widget-html\" data-id=\"c7433a7\" data-element_type=\"widget\" data-e-type=\"widget\" data-widget_type=\"html.default\">\n\t\t\t\t<div class=\"elementor-widget-container\">\n\t\t\t\t\t<div id=\"page_header_links\">\n    <a onclick=\"view_service(2);\" class=\"outline\">M\u00e1s informaci\u00f3n <i class=\"fa fa-caret-right\"><\/i><\/a>\n<\/div>\t\t\t\t<\/div>\n\t\t\t\t<\/div>\n\t\t\t\t\t<\/div>\n\t\t\t\t<\/div>\n\t\t<div class=\"elementor-element elementor-element-c485780 service e-flex e-con-boxed e-con e-child\" data-id=\"c485780\" data-element_type=\"container\" data-e-type=\"container\" data-settings=\"{&quot;background_background&quot;:&quot;classic&quot;}\">\n\t\t\t\t\t<div class=\"e-con-inner\">\n\t\t\t\t<div class=\"elementor-element elementor-element-a3735d2 elementor-widget elementor-widget-heading\" data-id=\"a3735d2\" data-element_type=\"widget\" data-e-type=\"widget\" data-widget_type=\"heading.default\">\n\t\t\t\t<div class=\"elementor-widget-container\">\n\t\t\t\t\t<h2 class=\"elementor-heading-title elementor-size-default\">Activos digitales<\/h2>\t\t\t\t<\/div>\n\t\t\t\t<\/div>\n\t\t\t\t<div class=\"elementor-element elementor-element-e51c36b elementor-widget elementor-widget-text-editor\" data-id=\"e51c36b\" data-element_type=\"widget\" data-e-type=\"widget\" data-widget_type=\"text-editor.default\">\n\t\t\t\t<div class=\"elementor-widget-container\">\n\t\t\t\t\t\t\t\t\t<ul><li><span style=\"font-weight: 400;\">Canales de pago<\/span><\/li><li><span style=\"font-weight: 400;\">Tokenizaci\u00f3n<\/span><\/li><li><span style=\"font-weight: 400;\">Ideas de inversi\u00f3n<\/span><\/li><\/ul>\t\t\t\t\t\t\t\t<\/div>\n\t\t\t\t<\/div>\n\t\t\t\t<div class=\"elementor-element elementor-element-fc80913 elementor-widget elementor-widget-html\" data-id=\"fc80913\" data-element_type=\"widget\" data-e-type=\"widget\" data-widget_type=\"html.default\">\n\t\t\t\t<div class=\"elementor-widget-container\">\n\t\t\t\t\t<div id=\"page_header_links\">\n    <a onclick=\"view_service(3);\" class=\"outline\">M\u00e1s informaci\u00f3n <i class=\"fa fa-caret-right\"><\/i><\/a>\n<\/div>\t\t\t\t<\/div>\n\t\t\t\t<\/div>\n\t\t\t\t\t<\/div>\n\t\t\t\t<\/div>\n\t\t\t\t<\/div>\n\t\t\t\t<\/div>","protected":false},"excerpt":{"rendered":"","protected":false},"author":1,"featured_media":0,"parent":0,"menu_order":0,"comment_status":"closed","ping_status":"closed","template":"","meta":{"footnotes":""},"class_list":["post-19","page","type-page","status-publish","hentry"],"_links":{"self":[{"href":"https:\/\/iterla.com\/es\/wp-json\/wp\/v2\/pages\/19","targetHints":{"allow":["GET"]}}],"collection":[{"href":"https:\/\/iterla.com\/es\/wp-json\/wp\/v2\/pages"}],"about":[{"href":"https:\/\/iterla.com\/es\/wp-json\/wp\/v2\/types\/page"}],"author":[{"embeddable":true,"href":"https:\/\/iterla.com\/es\/wp-json\/wp\/v2\/users\/1"}],"replies":[{"embeddable":true,"href":"https:\/\/iterla.com\/es\/wp-json\/wp\/v2\/comments?post=19"}],"version-history":[{"count":0,"href":"https:\/\/iterla.com\/es\/wp-json\/wp\/v2\/pages\/19\/revisions"}],"wp:attachment":[{"href":"https:\/\/iterla.com\/es\/wp-json\/wp\/v2\/media?parent=19"}],"curies":[{"name":"wp","href":"https:\/\/api.w.org\/{rel}","templated":true}]}}