{"id":17,"date":"2025-05-28T22:12:35","date_gmt":"2025-05-28T22:12:35","guid":{"rendered":"https:\/\/iterla.com\/?page_id=17"},"modified":"2026-03-03T16:54:30","modified_gmt":"2026-03-03T16:54:30","slug":"group","status":"publish","type":"page","link":"https:\/\/iterla.com\/es\/group\/","title":{"rendered":"Grupo"},"content":{"rendered":"<div data-elementor-type=\"wp-page\" data-elementor-id=\"17\" class=\"elementor elementor-17\">\n\t\t\t\t<div class=\"elementor-element elementor-element-8b167de e-con-full e-flex e-con e-parent\" data-id=\"8b167de\" data-element_type=\"container\" data-e-type=\"container\" id=\"page_header\" data-settings=\"{&quot;background_background&quot;:&quot;classic&quot;}\">\n\t\t\t\t<div class=\"elementor-element elementor-element-d585bdd elementor-widget elementor-widget-html\" data-id=\"d585bdd\" data-element_type=\"widget\" data-e-type=\"widget\" data-widget_type=\"html.default\">\n\t\t\t\t<div class=\"elementor-widget-container\">\n\t\t\t\t\t<div style=\"--pos:0;\" id=\"submenu\">\n    <a href=\"https:\/\/iterla.com\/es\/group\/\">Directores<\/a>\n    <a href=\"https:\/\/iterla.com\/es\/advisors\/\">Asesores<\/a>\n    <a href=\"https:\/\/iterla.com\/es\/team\/\">Equipo Directivo<\/a>\n<\/div>\t\t\t\t<\/div>\n\t\t\t\t<\/div>\n\t\t\t\t<div class=\"elementor-element elementor-element-435115e elementor-widget elementor-widget-heading\" data-id=\"435115e\" data-element_type=\"widget\" data-e-type=\"widget\" data-widget_type=\"heading.default\">\n\t\t\t\t<div class=\"elementor-widget-container\">\n\t\t\t\t\t<h1 class=\"elementor-heading-title elementor-size-default\"><b>Grupo<\/b><\/h1>\t\t\t\t<\/div>\n\t\t\t\t<\/div>\n\t\t\t\t<\/div>\n\t\t<div class=\"elementor-element elementor-element-09c4daa e-con-full team_container e-flex e-con e-parent\" data-id=\"09c4daa\" data-element_type=\"container\" data-e-type=\"container\" id=\"directors\" data-settings=\"{&quot;background_background&quot;:&quot;classic&quot;}\">\n\t\t<div class=\"elementor-element elementor-element-d5ea143 e-con-full e-flex e-con e-child\" data-id=\"d5ea143\" data-element_type=\"container\" data-e-type=\"container\">\n\t\t\t\t<div class=\"elementor-element elementor-element-1375fd7 elementor-widget__width-initial elementor-widget elementor-widget-heading\" data-id=\"1375fd7\" data-element_type=\"widget\" data-e-type=\"widget\" data-widget_type=\"heading.default\">\n\t\t\t\t<div class=\"elementor-widget-container\">\n\t\t\t\t\t<h2 class=\"elementor-heading-title elementor-size-default\">Junta Directiva<\/h2>\t\t\t\t<\/div>\n\t\t\t\t<\/div>\n\t\t\t\t<div class=\"elementor-element elementor-element-01574c6 elementor-widget__width-initial elementor-widget elementor-widget-text-editor\" data-id=\"01574c6\" data-element_type=\"widget\" data-e-type=\"widget\" data-widget_type=\"text-editor.default\">\n\t\t\t\t<div class=\"elementor-widget-container\">\n\t\t\t\t\t\t\t\t\t<p>La junta directiva es la m\u00e1xima responsable de la estrategia, la direcci\u00f3n y la gobernanza de la empresa, as\u00ed como de la supervisi\u00f3n del equipo directivo.<\/p>\t\t\t\t\t\t\t\t<\/div>\n\t\t\t\t<\/div>\n\t\t\t\t<\/div>\n\t\t<div class=\"elementor-element elementor-element-4f09913 e-grid e-con-full e-con e-child\" data-id=\"4f09913\" data-element_type=\"container\" data-e-type=\"container\">\n\t\t\t\t<div class=\"elementor-element elementor-element-31ebf45 elementor-position-top elementor-widget elementor-widget-image-box\" data-id=\"31ebf45\" data-element_type=\"widget\" data-e-type=\"widget\" data-widget_type=\"image-box.default\">\n\t\t\t\t<div class=\"elementor-widget-container\">\n\t\t\t\t\t<div class=\"elementor-image-box-wrapper\"><figure class=\"elementor-image-box-img\"><img fetchpriority=\"high\" decoding=\"async\" width=\"360\" height=\"480\" src=\"https:\/\/iterla.com\/wp-content\/uploads\/2025\/09\/john.jpg\" class=\"attachment-full size-full wp-image-429\" alt=\"\" srcset=\"https:\/\/iterla.com\/wp-content\/uploads\/2025\/09\/john.jpg 360w, https:\/\/iterla.com\/wp-content\/uploads\/2025\/09\/john-225x300.jpg 225w, https:\/\/iterla.com\/wp-content\/uploads\/2025\/09\/john-9x12.jpg 9w\" sizes=\"(max-width: 360px) 100vw, 360px\" \/><\/figure><div class=\"elementor-image-box-content\"><h3 class=\"elementor-image-box-title\">John P. Matthews<\/h3><p class=\"elementor-image-box-description\"><span>Presidente<\/span>\n<p>\nJohn cuenta con m\u00e1s de 30 a\u00f1os de experiencia en los mercados financieros, con una amplia trayectoria en los mercados de capitales, incluyendo la intermediaci\u00f3n burs\u00e1til, la gesti\u00f3n de activos, la banca privada y de inversi\u00f3n, as\u00ed como el sector de los seguros. Adquiri\u00f3 su experiencia durante su paso por Close Brothers, ABN-Amro y Deutsche Bank. Actualmente es director ejecutivo de Bermans &amp; Sons, una empresa privada que ofrece asesoramiento estrat\u00e9gico e invierte su propio capital junto a los fundadores, centr\u00e1ndose en la adquisici\u00f3n de participaciones minoritarias significativas en sectores como el farmac\u00e9utico, el inmobiliario, la aviaci\u00f3n, la log\u00edstica y el transporte, la tecnolog\u00eda financiera, el petr\u00f3leo y el gas, y la miner\u00eda. John es de nacionalidad irlandesa y reside en el Reino Unido.\n<\/p><\/p><\/div><\/div>\t\t\t\t<\/div>\n\t\t\t\t<\/div>\n\t\t\t\t<div class=\"elementor-element elementor-element-c5f618d elementor-position-top elementor-widget elementor-widget-image-box\" data-id=\"c5f618d\" data-element_type=\"widget\" data-e-type=\"widget\" data-widget_type=\"image-box.default\">\n\t\t\t\t<div class=\"elementor-widget-container\">\n\t\t\t\t\t<div class=\"elementor-image-box-wrapper\"><figure class=\"elementor-image-box-img\"><img decoding=\"async\" width=\"360\" height=\"480\" src=\"https:\/\/iterla.com\/wp-content\/uploads\/2026\/01\/illoris.jpg\" class=\"attachment-full size-full wp-image-480\" alt=\"\" srcset=\"https:\/\/iterla.com\/wp-content\/uploads\/2026\/01\/illoris.jpg 360w, https:\/\/iterla.com\/wp-content\/uploads\/2026\/01\/illoris-225x300.jpg 225w, https:\/\/iterla.com\/wp-content\/uploads\/2026\/01\/illoris-9x12.jpg 9w\" sizes=\"(max-width: 360px) 100vw, 360px\" \/><\/figure><div class=\"elementor-image-box-content\"><h3 class=\"elementor-image-box-title\">Ihorliss Garcia<\/h3><p class=\"elementor-image-box-description\"><span>Secretario<\/span>\n<p>\nComo director ejecutivo de Iterla Asset Management Corp., Ihorliss es un profesional de las finanzas con amplia experiencia en auditor\u00eda, contabilidad y fiscalidad. Durante los \u00faltimos 20 a\u00f1os ha dirigido con \u00e9xito las operaciones de un grupo de servicios financieros propiedad de accionistas latinoamericanos y europeos, recientemente vendido al mayor corredor de bolsa independiente de Panam\u00e1.\n<\/p><\/p><\/div><\/div>\t\t\t\t<\/div>\n\t\t\t\t<\/div>\n\t\t\t\t<div class=\"elementor-element elementor-element-abb00c3 elementor-position-top elementor-widget elementor-widget-image-box\" data-id=\"abb00c3\" data-element_type=\"widget\" data-e-type=\"widget\" data-widget_type=\"image-box.default\">\n\t\t\t\t<div class=\"elementor-widget-container\">\n\t\t\t\t\t<div class=\"elementor-image-box-wrapper\"><figure class=\"elementor-image-box-img\"><img decoding=\"async\" width=\"360\" height=\"480\" src=\"https:\/\/iterla.com\/wp-content\/uploads\/2026\/01\/ernesto.jpg\" class=\"attachment-full size-full wp-image-479\" alt=\"\" srcset=\"https:\/\/iterla.com\/wp-content\/uploads\/2026\/01\/ernesto.jpg 360w, https:\/\/iterla.com\/wp-content\/uploads\/2026\/01\/ernesto-225x300.jpg 225w, https:\/\/iterla.com\/wp-content\/uploads\/2026\/01\/ernesto-9x12.jpg 9w\" sizes=\"(max-width: 360px) 100vw, 360px\" \/><\/figure><div class=\"elementor-image-box-content\"><h3 class=\"elementor-image-box-title\">Ernesto Gonzalez<\/h3><p class=\"elementor-image-box-description\"><span>Tesorero<\/span>\n<p>\nNacido en 1947, Ernesto cuenta con una trayectoria de m\u00e1s de 40 a\u00f1os en el sector de los servicios financieros. Tras cursar sus estudios en el Instituto Tecnol\u00f3gico Aut\u00f3nomo de M\u00e9xico, trabaj\u00f3 durante 27 a\u00f1os en Merrill Lynch. Primero en el departamento de Operaciones de su oficina de Nueva York y, posteriormente, como director general de Merrill Lynch International and Co. (Panam\u00e1). Desde entonces, ha sido miembro del consejo de administraci\u00f3n de una boutique de servicios financieros, una empresa independiente de gesti\u00f3n de activos y una oficina de gesti\u00f3n de patrimonios familiares.\n<\/p><\/p><\/div><\/div>\t\t\t\t<\/div>\n\t\t\t\t<\/div>\n\t\t\t\t<div class=\"elementor-element elementor-element-a93fd38 elementor-position-top elementor-widget elementor-widget-image-box\" data-id=\"a93fd38\" data-element_type=\"widget\" data-e-type=\"widget\" data-widget_type=\"image-box.default\">\n\t\t\t\t<div class=\"elementor-widget-container\">\n\t\t\t\t\t<div class=\"elementor-image-box-wrapper\"><figure class=\"elementor-image-box-img\"><img loading=\"lazy\" decoding=\"async\" width=\"360\" height=\"480\" src=\"https:\/\/iterla.com\/wp-content\/uploads\/2025\/09\/dayana.jpg\" class=\"attachment-full size-full wp-image-427\" alt=\"\" srcset=\"https:\/\/iterla.com\/wp-content\/uploads\/2025\/09\/dayana.jpg 360w, https:\/\/iterla.com\/wp-content\/uploads\/2025\/09\/dayana-225x300.jpg 225w, https:\/\/iterla.com\/wp-content\/uploads\/2025\/09\/dayana-9x12.jpg 9w\" sizes=\"(max-width: 360px) 100vw, 360px\" \/><\/figure><div class=\"elementor-image-box-content\"><h3 class=\"elementor-image-box-title\">Dayana Broce<\/h3><p class=\"elementor-image-box-description\"><span>Directora<\/span>\n<p>\nDayana comenz\u00f3 su carrera profesional en 2005, trabajando como especialista en operaciones y administraci\u00f3n en reconocidas sociedades de corretaje de Panam\u00e1. Durante los \u00faltimos 17 a\u00f1os, se desempe\u00f1\u00f3 como directora de proyectos y jefa de servicios de custodia en MMG Bank Corporation (Panam\u00e1). Dayana se ha incorporado recientemente a la Bolsa de Valores de Panam\u00e1 para formar parte del equipo directivo.\n<\/p><\/p><\/div><\/div>\t\t\t\t<\/div>\n\t\t\t\t<\/div>\n\t\t\t\t<div class=\"elementor-element elementor-element-285d9d2 elementor-position-top elementor-widget elementor-widget-image-box\" data-id=\"285d9d2\" data-element_type=\"widget\" data-e-type=\"widget\" data-widget_type=\"image-box.default\">\n\t\t\t\t<div class=\"elementor-widget-container\">\n\t\t\t\t\t<div class=\"elementor-image-box-wrapper\"><figure class=\"elementor-image-box-img\"><img loading=\"lazy\" decoding=\"async\" width=\"360\" height=\"480\" src=\"https:\/\/iterla.com\/wp-content\/uploads\/2026\/01\/anna.jpg\" class=\"attachment-full size-full wp-image-478\" alt=\"\" srcset=\"https:\/\/iterla.com\/wp-content\/uploads\/2026\/01\/anna.jpg 360w, https:\/\/iterla.com\/wp-content\/uploads\/2026\/01\/anna-225x300.jpg 225w, https:\/\/iterla.com\/wp-content\/uploads\/2026\/01\/anna-9x12.jpg 9w\" sizes=\"(max-width: 360px) 100vw, 360px\" \/><\/figure><div class=\"elementor-image-box-content\"><h3 class=\"elementor-image-box-title\">Anna Belogortseva<\/h3><p class=\"elementor-image-box-description\"><span>Directora<\/span>\n<p>\nNacida en Kaliningrado (Rusia), ciudadana brit\u00e1nica y residente en las Islas V\u00edrgenes Brit\u00e1nicas, Anna es licenciada en Derecho (con honores) por la Universidad de Londres y cuenta con amplios conocimientos en materia de gobierno corporativo. Comenz\u00f3 su carrera como abogada en Clore, Solicitors, para luego incorporarse a Dentons. Sus habilidades en materia de valores, regulaci\u00f3n, cumplimiento normativo y gesti\u00f3n de riesgos se han forjado a lo largo de 25 a\u00f1os en consejos de administraci\u00f3n de empresas privadas y cotizadas (AIM, LSE, TSX, ASX, HKEX). Adem\u00e1s, Anna se especializ\u00f3 en el sector del petr\u00f3leo, el gas y la miner\u00eda, habiendo recaudado capital para empresas que cotizan en bolsa, al tiempo que ocupaba puestos directivos en estas empresas en lugares remotos como Kazajist\u00e1n, N\u00edger, Sierra Leona y Senegal. Est\u00e1 casada y tiene un hijo.\n<\/p><\/p><\/div><\/div>\t\t\t\t<\/div>\n\t\t\t\t<\/div>\n\t\t\t\t<\/div>\n\t\t\t\t<\/div>\n\t\t<div class=\"elementor-element elementor-element-4e71062 e-con-full e-flex e-con e-parent\" data-id=\"4e71062\" data-element_type=\"container\" data-e-type=\"container\" data-settings=\"{&quot;background_background&quot;:&quot;classic&quot;}\">\n\t\t\t\t<div class=\"elementor-element elementor-element-f17f4e4 elementor-widget elementor-widget-html\" data-id=\"f17f4e4\" data-element_type=\"widget\" data-e-type=\"widget\" data-widget_type=\"html.default\">\n\t\t\t\t<div class=\"elementor-widget-container\">\n\t\t\t\t\t<div style=\"justify-content:center;\" id=\"page_header_links\">\n    <a href=\"\/es\/.\/contact\/\" class=\"outline clear\" style=\"border-width:2px\">Cont\u00e1ctenos <i class=\"fa fa-caret-right\"><\/i><\/a>\n<\/div>\t\t\t\t<\/div>\n\t\t\t\t<\/div>\n\t\t\t\t<\/div>\n\t\t\t\t<\/div>","protected":false},"excerpt":{"rendered":"<p>Directors Advisors Executive Team Group Board of Directors The board has the ultimate responsibility for the strategy, direction, governance of the company and for the supervision of the Executive Team. John P. Matthews Chairman John has over 30 years in financial markets, with an extensive track record across Capital Markets, including Brokerage, Asset Management, Private [&hellip;]<\/p>\n","protected":false},"author":1,"featured_media":0,"parent":0,"menu_order":0,"comment_status":"closed","ping_status":"closed","template":"","meta":{"footnotes":""},"class_list":["post-17","page","type-page","status-publish","hentry"],"_links":{"self":[{"href":"https:\/\/iterla.com\/es\/wp-json\/wp\/v2\/pages\/17","targetHints":{"allow":["GET"]}}],"collection":[{"href":"https:\/\/iterla.com\/es\/wp-json\/wp\/v2\/pages"}],"about":[{"href":"https:\/\/iterla.com\/es\/wp-json\/wp\/v2\/types\/page"}],"author":[{"embeddable":true,"href":"https:\/\/iterla.com\/es\/wp-json\/wp\/v2\/users\/1"}],"replies":[{"embeddable":true,"href":"https:\/\/iterla.com\/es\/wp-json\/wp\/v2\/comments?post=17"}],"version-history":[{"count":0,"href":"https:\/\/iterla.com\/es\/wp-json\/wp\/v2\/pages\/17\/revisions"}],"wp:attachment":[{"href":"https:\/\/iterla.com\/es\/wp-json\/wp\/v2\/media?parent=17"}],"curies":[{"name":"wp","href":"https:\/\/api.w.org\/{rel}","templated":true}]}}